{"id":12,"date":"2023-02-19T14:24:39","date_gmt":"2023-02-19T14:24:39","guid":{"rendered":"https:\/\/fshl.ro\/dev\/?page_id=12"},"modified":"2023-08-31T07:37:40","modified_gmt":"2023-08-31T07:37:40","slug":"lectures","status":"publish","type":"page","link":"https:\/\/fshl.ro\/2023\/bucharest-session\/lectures\/","title":{"rendered":"Lectures"},"content":{"rendered":"\n<h2 class=\"wp-block-heading has-text-align-center\">The Program<\/h2>\n\n\n\n<p class=\"has-text-align-center\">The event\u2019s draft program is now available (last update: 29.08.2023)<br><br><\/p>\n\n\n\n<div class=\"wp-block-buttons is-content-justification-center is-layout-flex wp-container-core-buttons-is-layout-16018d1d wp-block-buttons-is-layout-flex\">\n<div class=\"wp-block-button is-style-fill\"><a class=\"wp-block-button__link has-text-align-center wp-element-button\" href=\"https:\/\/fshl.ro\/2023\/bucharest-session\/Program-FSHL-2023-Bucharest.pdf\" style=\"border-radius:0.25em\" target=\"_blank\" rel=\"noreferrer noopener\">FSHL 2023 Bucharest &#8211; The program<\/a><\/div>\n<\/div>\n\n\n<div class=\"hr hr-down\"><\/div>\n\n\n\n<p><\/p>\n\n\n\n<h2 class=\"wp-block-heading\">Lectures<\/h2>\n\n\n\n<ol class=\"lecture-list wp-block-list\">\n<li><strong>Basics of sensory processing: the chemical senses<\/strong><br>Rui F.M. SILVA (1), Lea POGA\u010cNIK (2)<br>(1) &#8211; Universidade de Lisboa, Portugal; (2) &#8211; University of Ljubljana, Slovenia<\/li>\n\n\n\n<li><strong>Chemical and biological characterization of bioactivities from natural sources<\/strong><br>Lea POGA\u010cNIK (1), Rui F.M. SILVA<br>(1) &#8211; University of Ljubljana, Slovenia; (2) &#8211; Universidade de Lisboa, Portugal<\/li>\n\n\n\n<li><strong>Biosensors &#8211; an opportunity for the future<\/strong><br>Jean Louis MARTY (1,2)<br>(1) &#8211; Sensbiotech, Ceret, France; (2) &#8211; Universit\u00e9 de Perpignan, Perpignan Cedex, France<\/li>\n\n\n\n<li><strong>Rapid detection of mycotoxins &#8211; from research to applications<\/strong><br>Gaelle CATANANTE (1), Jean Louis MARTY (2,3)<br>(1) &#8211; BAE \u00e9quipe projet biocapteur analyse environement, Universit\u00e9 de Perpignan and LBBM Observatoire Oc\u00e9anologique de Banyuls-sur-Mer Pierre Fabre 66650 Banyuls\/Mer, France; (2) &#8211; Sensbiotech, Ceret, France; (3) &#8211; Universit\u00e9 de Perpignan Via Domitia, Perpignan, France<\/li>\n\n\n\n<li><strong>Ketogenic diet &#8211; positive and negative aspect of this dietetic approach<\/strong><br>Patrizia RESTANI<br>Universita degli Studi di Milano, Italy<\/li>\n\n\n\n<li><strong>Resilience and burnout. A systemic approach since the academic training period<\/strong><br>Liliana ROGOZEA, Florin LEASU, Mihaela BADEA, Daniela POPA<br>Transilvania University of Brasov, Romania<\/li>\n\n\n\n<li><strong>Heavy metals and human health<\/strong><br>Mihaela HORHOCEA, Daniel HORHOCEA, Gabriela MARIN-STEFAN, Lauren\u021biu NEDELCU, Mihaela BADEA<br>Transilvania University of Brasov, Romania<\/li>\n\n\n\n<li><strong>Forest fruits and their applicability in dermatology<\/strong><br>Cristina-\u0218tefania G\u0102LB\u0102U, Lorena DIMA, Andreea NECULAU, Marius IRIMIE, Mihaela BADEA<br>Transilvania University of Brasov, Romania<\/li>\n\n\n\n<li><strong>New trends on uric acid electroanalysis<\/strong><br>Ligia CHELMEA, Ioan SCARNECIU, Mihaela BADEA<br>Transilvania University of Brasov, Romania<\/li>\n\n\n\n<li><strong>Nutritional benefits in patients with chronic conditions<\/strong><br>Andrea NECULAU, Anca LACATUS, Laura ISOP<br>Transilvania University of Brasov, Romania<\/li>\n\n\n\n<li><strong>Anticancer mechanisms of natural compounds<\/strong><br>Teodora-Cristiana GR\u0102DINARU (1), M\u0103d\u0103lina PETRAN (1), Dorin DRAGO\u0218 (2,3), Marilena G\u00ceLC\u0102 (1)<br>(1) &#8211; Department of Functional Sciences I\/Biochemistry, Faculty of Medicine, Carol Davila University of Medicine and Pharmacy, Bucharest, Romania; (2) &#8211; Department of Medical Semiology, Faculty of Medicine, Carol Davila University of Medicine and Pharmacy, Bucharest, Romania; (3)- 1st Internal Medicine Clinic, University Emergency Hospital Bucharest, Carol Davila University of Medicine and Pharmacy, Bucharest, Romania<\/li>\n\n\n\n<li><strong>Rare diseases, diagnosis and monitoring, a continuous challenge<\/strong><br>Corina DELIA (1,2), Geanina TOMA (1), Madalina VLAD (1,2), Mihaela CUTIERU (1), Michaela NANU (1), Daniela IORGULESCU (1), Florentina MOLDOVANU (1), Ioana ARDELEANU (1,3)<br>(1) &#8211; National Institute for Mother and Child Health Alessandrescu Rusescu, Bucharest, Romania; (2) -University of Bucharest, Faculty of Biology, Romania; (3) &#8211; &#8220;Carol Davila&#8221; University of Medicine and Pharmacy, Bucharest, Romania<\/li>\n\n\n\n<li><strong>Comparative study of vitamin D status in children during the pandemic and after the pandemic period<\/strong><br>Madalina VLAD (1,2), Corina DELIA (1,2), Daniela HAIDAUTU (1), Nicoleta LACATUS (1), Geanina TOMA (1)<br>(1) &#8211; National Institute for Mother and Child Health Alessandrescu Rusescu, Bucharest, Romania; (2) &#8211; University of Bucharest, Faculty of Biology<\/li>\n\n\n\n<li><strong>Gonadotropins in pediatric population \u2013 characteristics and particularities<\/strong><br>Madalina VLAD (1,2), Anisoara CIMPEAN (2), Corina DELIA (1,2), Daniela HAIDAUTU (1), Nicoleta LACATUS (1)<br>(1) &#8211; National Institute for Mother and Child Health Alessandrescu Rusescu, Bucharest, Romania; (2) &#8211; University of Bucharest, Faculty of Biology<\/li>\n\n\n\n<li><strong>L-Citrulline &#8211; new wonder supplement for cardio-vascular health?<\/strong><br>Elena VASILICA<br>&#8220;Carol Davila&#8221; University of Medicine and Pharmacy, Bucharest, Romania<\/li>\n\n\n\n<li><strong>Nutritional assessment in advanced liver disease<\/strong><br>Bucurica SANDICA, Mariana JINGA, Florentina IONITA RADU, Mihaela PAVALEAN<br>&#8220;Carol Davila&#8221; University of Medicine and Pharmacy, Bucharest, Romania<\/li>\n\n\n\n<li><strong>Nutritional tools for infertility management<\/strong><br>Monica TARCEA, Irina MATRAN, Roxana MARTIN-HADMAS<br>Department of Community Nutrition and Food Safety, G.E. Palade University of Medicine, Pharmacy, Science and Technology from Targu Mures, Romania<\/li>\n\n\n\n<li><strong>Valorization approaches of bioactive compounds recovered from by-products of olive oil industry and their application as functional ingredients in food matrices<\/strong><br>Ariola DEVOLLI<br>Agriculture University of Tirana, Albania<\/li>\n\n\n\n<li><strong>Increasing consumer and business awareness on health effects and environmental impact of reheated cooking oil and its use as an alternative source on bio-based products<\/strong><br>Edlira SHAHINASI<br>Agriculture University of Tirana, Albania<\/li>\n\n\n\n<li><strong>Valorization of food processing by-products<\/strong><br>Chiara DI LORENZO<br>University of Milan, Italy<\/li>\n\n\n\n<li><strong>Lateral flow assay and food safety<\/strong><br>Arash MOHAMMADINEJAD<br>Faculty of Medicine, Research and Development Institute of the Transilvania University of Brasov, Romania<\/li>\n\n\n\n<li><strong>Determination of antioxidant properties by spectrometric and electrochemical methods. Correlations among results<\/strong><br>Constantin APETREI, Irina Georgiana MUNTEANU, Alexandra Virginia BOUNEGRU<br>Faculty of Sciences and Environment, \u201cDun\u0103rea de Jos\u201d University of Gala\u0163i, Romania <\/li>\n\n\n\n<li><strong>Nutrition and food safety during pregnancy<\/strong><br>Laura GAVRILAS<br>Faculty of Pharmacy, University of Medicine and Pharmacy &#8220;Iuliu-Ha\u021bieganu&#8221; Cluj-Napoca, Romania<\/li>\n\n\n\n<li><strong>Contribution of high-pressure assisted technologies toward achieving food safety objectives<\/strong><br>Daniela BORDA<br>Faculty of Food Science and Engineering, Dunarea de Jos University of Galati<\/li>\n\n\n\n<li><strong>Prevention of foodborne illnesses through targeted interventions aiming to change consumer<\/strong> practices during cooking and storing food<br>Anca Ioana NICOLAU<br>Faculty of Food Science and Engineering, Dunarea de Jos University of Galati<\/li>\n\n\n\n<li><strong>Significant role of fish nutrients with special emphasis to essential fatty acid in human nutrition<\/strong><br>Dijana BLAZHEKOVIKJ &#8211; DIMOVSKA<br>Faculty of Biotechnical Sciences, University &#8220;St. Kliment Ohridski&#8221;, Bitola, Republic of North Macedonia<\/li>\n\n\n\n<li><strong>Functional properties of Propolis collected from different areas in Macedonia<\/strong><br>Vesna KARAPETRKOVSKA &#8211; HRISTOVA<br>Faculty of Biotechnical Sciences, University &#8220;St. Kliment Ohridski&#8221;, Bitola, Republic of North Macedonia<\/li>\n\n\n\n<li><strong>Vitamin D in the context of COVID-19 on pediatric patients<\/strong><br>Maria TOTAN (1, 2), Ionela MANIU (3, 4)<br>(1) &#8211; Faculty of Medicine, Lucian Blaga University of Sibiu, Sibiu, Romania; (2) &#8211; Clinical Laboratory, Clinical Pediatric Hospital, Sibiu, Romania; (3) &#8211; Mathematics and Informatics Department, Research Center in Informatics and Information Technology, Faculty of Sciences, \u201cLucian Blaga\u201d University, Sibiu, Romania; (4) &#8211; Pediatric Research Team, Clinical Pediatric Hospital, Sibiu, Romania<\/li>\n\n\n\n<li><strong>Aspects regarding the superior valorization of marine biomass in human nutrition<\/strong><br>Liviu GACEU<br>Faculty of Food and Tourism, Transilvania University of Brasov, Romania<\/li>\n\n\n\n<li><strong>Electrochemical sensors \u2013 a weapon in the fight against antimicrobial resistance<\/strong><br>Bogdan FEIER, Mihaela TERTIS, Andreea CERNAT, Oana HOSU, Cecilia CRISTEA<br>Faculty of Pharmacy, University of Medicine and Pharmacy &#8220;Iuliu-Ha\u021bieganu&#8221; Cluj-Napoca<\/li>\n\n\n\n<li><strong>Do microplastics in vineyard soil affect the bioavailability of vine nutrition?<\/strong><br>Erika JEZ<br>University of Nova Gorica, School for viticulture and enology, Wine research centre, Vipava, Slovenia<\/li>\n\n\n\n<li><strong>Yeast-produced volatiles can act as antifungal bioagents against phytopathogen Botrytis cinerea<\/strong><br>Mitja MARTELANC<br>University of Nova Gorica, School for viticulture and enology, Wine research centre, Vipava, Slovenia<\/li>\n\n\n\n<li><strong>Transformations of pesticides within food processing<\/strong><br>Polonca TREBSE<br>Faculty of Health Sciences, University of Ljubljana, Slovenia<\/li>\n\n\n\n<li><strong>Mastication \/ food preparation and cognitive impairment<\/strong> <br>Corrado PAGANELLI (1), Maria Grazia PIANCINO (2)<br>(1) &#8211; Faculty of Medicine, University of Brescia, Italy; (2) &#8211; Faculty of Medicine, University of Turin, Italy<\/li>\n\n\n\n<li><strong>The laboratory &#8211; partner of the clinician in the diagnosis of gastrointestinal diseases<\/strong> <br>Antoanela CURICI (1,2) <br>(1) &#8211; &#8220;Carol Davila&#8221; University of Medicine and Pharmacy, Bucharest, Romania; (2) &#8211; Synevo Romania<br><\/li>\n<\/ol>\n","protected":false},"excerpt":{"rendered":"<p>The Program The event\u2019s draft program is now available (last update: 29.08.2023) Lectures<\/p>\n","protected":false},"author":1,"featured_media":0,"parent":0,"menu_order":4,"comment_status":"closed","ping_status":"closed","template":"","meta":{"footnotes":""},"class_list":["post-12","page","type-page","status-publish","hentry"],"acf":[],"_links":{"self":[{"href":"https:\/\/fshl.ro\/2023\/bucharest-session\/wp-json\/wp\/v2\/pages\/12","targetHints":{"allow":["GET"]}}],"collection":[{"href":"https:\/\/fshl.ro\/2023\/bucharest-session\/wp-json\/wp\/v2\/pages"}],"about":[{"href":"https:\/\/fshl.ro\/2023\/bucharest-session\/wp-json\/wp\/v2\/types\/page"}],"author":[{"embeddable":true,"href":"https:\/\/fshl.ro\/2023\/bucharest-session\/wp-json\/wp\/v2\/users\/1"}],"replies":[{"embeddable":true,"href":"https:\/\/fshl.ro\/2023\/bucharest-session\/wp-json\/wp\/v2\/comments?post=12"}],"version-history":[{"count":21,"href":"https:\/\/fshl.ro\/2023\/bucharest-session\/wp-json\/wp\/v2\/pages\/12\/revisions"}],"predecessor-version":[{"id":562,"href":"https:\/\/fshl.ro\/2023\/bucharest-session\/wp-json\/wp\/v2\/pages\/12\/revisions\/562"}],"wp:attachment":[{"href":"https:\/\/fshl.ro\/2023\/bucharest-session\/wp-json\/wp\/v2\/media?parent=12"}],"curies":[{"name":"wp","href":"https:\/\/api.w.org\/{rel}","templated":true}]}}