{"id":14,"date":"2023-02-19T14:24:57","date_gmt":"2023-02-19T14:24:57","guid":{"rendered":"https:\/\/fshl.ro\/dev\/?page_id=14"},"modified":"2023-06-14T13:04:57","modified_gmt":"2023-06-14T13:04:57","slug":"participants","status":"publish","type":"page","link":"https:\/\/fshl.ro\/2023\/bucharest-session\/participants\/","title":{"rendered":"Participants"},"content":{"rendered":"\n<h2 class=\"wp-block-heading\">Registered Participants<\/h2>\n\n\n\n\n\t\t<ol class=\"students-list\">\t\t\t\t<li>ADOCHI\u021aE (G\u0102LB\u0102U) Cristina-\u0218tefania, PhD student, Transilvania University of Brasov, Romania<\/li>\t\t\t\t<li>ANGHELACHI (JULA) Camelia, PhD student, \u201dIuliu Hatieganu\u201d University of Medicine and Pharmacy, Cluj-Napoca, Romania<\/li>\t\t\t\t<li>ARAPI Kestjana, undergraduate, Agriculture University of Tirana, Albania<\/li>\t\t\t\t<li>BADEA Andrei, undergraduate, \u201dVictor Papilian\u201d Faculty of Medicine, \u201dLucian Blaga\u201d University of Sibiu, Romania<\/li>\t\t\t\t<li>BAHTIJAR Sedef, undergraduate, Faculty of Biotechnical Sciences, \u201dSt. Kliment Ohridski\u201d University, N. Macedonia<\/li>\t\t\t\t<li>BARABASA Bianca Denisa, undergraduate, \u201dIuliu Hatieganu\u201d University of Medicine and Pharmacy, Cluj-Napoca, Romania<\/li>\t\t\t\t<li>BARDOCZ Bogl\u00e1rka, undergraduate, \u201dIuliu Hatieganu\u201d University of Medicine and Pharmacy, Cluj-Napoca, Romania<\/li>\t\t\t\t<li>BIHARI Melissza, undergraduate, \"George Emil Palade\" University of Medicine, Pharmacy, Science and Technology of T\u00e2rgu-Mure\u0219, Romania<\/li>\t\t\t\t<li>BONE Mojca, undergraduate, Biotechnical Faculty, University of Ljubljana, Slovenia<\/li>\t\t\t\t<li>BOVE Isabella-Jada, undergraduate, \"George Emil Palade\" University of Medicine, Pharmacy, Science and Technology of T\u00e2rgu-Mure\u0219, Romania<\/li>\t\t\t\t<li>BR\u0102TF\u0102LEAN Andreea Gabriela, undergraduate, Faculty of Medicine, Transilvania University of Brasov, Romania<\/li>\t\t\t\t<li>BRE\u0160\u010cAK Ma\u0161a, undergraduate, University of Ljubljana, Slovenia<\/li>\t\t\t\t<li>BUCUR Delia-Ioana, undergraduate, \"George Emil Palade\" University of Medicine, Pharmacy, Science and Technology of T\u00e2rgu-Mure\u0219, Romania<\/li>\t\t\t\t<li>BUDJA Eva, undergraduate, Biotehnical Faculty, University of Ljubljana, Slovenia<\/li>\t\t\t\t<li>CHELMEA Ligia, PhD student, Universitatea Transilvania Brasov, Romania<\/li>\t\t\t\t<li>COJOCARU Emilia, undergraduate, Faculty of Medicine, Transilvania University of Brasov, Romania<\/li>\t\t\t\t<li>COM\u0102NESCU Andreea-Loredana, master, \"Dun\u0103rea de Jos\" University from Gala\u0163i, Romania<\/li>\t\t\t\t<li>COM\u0218A Meda-S\u00e2nziana, undergraduate, Faculty of Medicine, Transilvania University of Brasov, Romania<\/li>\t\t\t\t<li>COSMINEANU Aida, undergraduate, \"George Emil Palade\" University of Medicine, Pharmacy, Science and Technology of T\u00e2rgu-Mure\u0219, Romania<\/li>\t\t\t\t<li>COTIG\u0102 Luisa, undergraduate, Faculty of Medicine, Transilvania University of Bra\u0219ov, Romania<\/li>\t\t\t\t<li>DEBU David, undergraduate, Transilvania University of Bra\u0219ov, Romania<\/li>\t\t\t\t<li>DOBRI\u0106 Dorotea, master, Faculty of Medicine, University of Rijeka, Croatia<\/li>\t\t\t\t<li>FORIS Cristiana, undergraduate, \u201dIuliu Hatieganu\u201d University of Medicine and Pharmacy, Cluj-Napoca, Romania<\/li>\t\t\t\t<li>FRANCA Rebecca, undergraduate, Biotechical Faculty, University of Ljubljana, Slovenia<\/li>\t\t\t\t<li>GARBAGNATI Chiara, undergraduate, Universit\u00e0 degli Studi di Milano, Italy<\/li>\t\t\t\t<li>GARTNER Sabina, undergraduate, Biotechical Faculty, University of Ljubljana, Slovenia<\/li>\t\t\t\t<li>GEMAN Andrei-Daniel, master, \"Dun\u0103rea de Jos\" University from Gala\u0163i, Romania<\/li>\t\t\t\t<li>GHITOROIU Emilia-Andreea, undergraduate, Faculty of Medicine, Transilvania University of Bra\u0219ov,\u00a0Romania<\/li>\t\t\t\t<li>GOLOB Tinkara, undergraduate, Biotechnical Faculty, University of Ljubljana, Slovenia<\/li>\t\t\t\t<li>G\u00dcLGEZ Denise, undergraduate, Faculty of Medicine, Transilvania University of Brasov, Romania<\/li>\t\t\t\t<li>H\u00ceRLEA Eleonora-Adina, undergraduate,\u201dIuliu Hatieganu\u201d University of Medicine and Pharmacy, Cluj-Napoca, Romania<\/li>\t\t\t\t<li>HORHOCEA Mihaela, PhD student, Transilvania University of Brasov, Romania<\/li>\t\t\t\t<li>KERESZTES-VEGH Andrea, undergraduate, Faculty of Medicine, Transilvania University of Bra\u0219ov, Romania<\/li>\t\t\t\t<li>KOV\u00c1CS Henrietta, undergraduate, \"George Emil Palade\" University of Medicine, Pharmacy, Science and Technology of T\u00e2rgu-Mure\u0219, Romania<\/li>\t\t\t\t<li>KOXHA Lajza, undergraduate, Agricultural University of Tirana, Albania<\/li>\t\t\t\t<li>LAMAJ Klodiana, undergraduate, Agriculture University of Tirana, Albania<\/li>\t\t\t\t<li>LORINCZ Hanna - Melinda, master, \"George Emil Palade\" University of Medicine, Pharmacy, Science and Technology of T\u00e2rgu-Mure\u0219, Romania<\/li>\t\t\t\t<li>MARTIN Diana, PhD student, University of Nova Gorica, Slovenia<\/li>\t\t\t\t<li>MERCOGLIANO Francesca, PhD student, Universit\u00e0 degli Studi di Milano, Italy<\/li>\t\t\t\t<li>MESAR Kristjan, master, University of Nova Gorica, Slovenia<\/li>\t\t\t\t<li>MO\u010cILNIKAR Luka, undergraduate, Biotechical Faculty, University of Ljubljana, Slovenia<\/li>\t\t\t\t<li>MOLNAR Csilla, master, \"George Emil Palade\" University of Medicine, Pharmacy, Science and Technology of T\u00e2rgu-Mure\u0219, Romania<\/li>\t\t\t\t<li>MORARU Alexandra Ioana, undergraduate, Faculty of Medicine, Transilvania University of Brasov, Romania<\/li>\t\t\t\t<li>MUSCALU Teodora-Gabriela, undergraduate, \"George Emil Palade\" University of Medicine, Pharmacy, Science and Technology of T\u00e2rgu-Mure\u0219, Romania<\/li>\t\t\t\t<li>NICOAR\u0102 Delia-Liliana, doctor\/physician, Transilvania University of Brasov, Romania<\/li>\t\t\t\t<li>NICOLAE Antonia-Mihaela, undergraduate, Faculty of Medicine, Transilvania University of Bra\u0219ov, Romania<\/li>\t\t\t\t<li>NICU Giulia, undergraduate, Universit\u00e0 degli studi di Milano, Italy<\/li>\t\t\t\t<li>PERAT Vita, undergraduate, Biotechnical Faculty, University of Ljubljana, Slovenia<\/li>\t\t\t\t<li>PETRACHE Bianca-Elena, undergraduate, \u201dIuliu Hatieganu\u201d University of Medicine and Pharmacy, Cluj-Napoca, Romania<\/li>\t\t\t\t<li>POL Diana, undergraduate, \"George Emil Palade\" University of Medicine, Pharmacy, Science and Technology of T\u00e2rgu-Mure\u0219, Romania<\/li>\t\t\t\t<li>POLENEC Kaja Mila, undergraduate, Biotehnical Faculty, University of Ljubljana, Slovenia<\/li>\t\t\t\t<li>POTCOAV\u0102 Carla, master, \"George Emil Palade\" University of Medicine, Pharmacy, Science and Technology of T\u00e2rgu-Mure\u0219, Romania<\/li>\t\t\t\t<li>REPI\u0106 Ivana, master, Faculty of Medicine, University of Rijeka, Croatia<\/li>\t\t\t\t<li>SAJE Ma\u0161a, undergraduate, Biotechnical Faculty, University of Ljubljana, Slovenia<\/li>\t\t\t\t<li>S\u00c1NDOR Barbara-Cintia, undergraduate, \"George Emil Palade\" University of Medicine, Pharmacy, Science and Technology of T\u00e2rgu-Mure\u0219, Romania<\/li>\t\t\t\t<li>SANDU Ionu\u021b Gabriel, undergraduate, \"Carol Davila\" University of Medicine and Pharmacy, Bucharest, Romania<\/li>\t\t\t\t<li>SARARU Ioana-Diana, undergraduate, \u201dCarol Davila\u201d University of Medicine and Pharmacy, Bucharest, Romania<\/li>\t\t\t\t<li>\u0218ERBAN Denisa-Georgiana, undergraduate, Faculty of Medicine, Transilvania University of Bra\u0219ov, Romania<\/li>\t\t\t\t<li>\u0218ERBAN Ioana-\u0218tefania, undergraduate, \"George Emil Palade\" University of Medicine, Pharmacy, Science and Technology of T\u00e2rgu-Mure\u0219, Romania<\/li>\t\t\t\t<li>\u0218ERBAN Raluca-Nicoleta, undergraduate, \u201dCarol Davila\u201d University of Medicine and Pharmacy, Bucharest, Romania<\/li>\t\t\t\t<li>SIMA Iulia, undergraduate, \"George Emil Palade\" University of Medicine, Pharmacy, Science and Technology of T\u00e2rgu-Mure\u0219, Romania<\/li>\t\t\t\t<li>\u0160INKOVEC Ana, undergraduate, Biotechnical Faculty, University of Ljubljana, Slovenia<\/li>\t\t\t\t<li>\u0160KERJANC Valentina, undergraduate, Biotechnical Faculty, University of Ljubljana, Slovenia<\/li>\t\t\t\t<li>\u0160KRK \u0160pela, undergraduate, University of Ljubljana, Slovenia<\/li>\t\t\t\t<li>\u0218OVEA Rebeca, undergraduate, \"George Emil Palade\" University of Medicine, Pharmacy, Science and Technology of T\u00e2rgu-Mure\u0219, Romania<\/li>\t\t\t\t<li>STANA Alina Antonia, undergraduate, Faculty of Medicine, Transilvania University of Bra\u0219ov, Romania<\/li>\t\t\t\t<li>SULENJI Megisa, undergraduate, Agricultural University of Tirana, Albania<\/li>\t\t\t\t<li>SZASZ Blanka-Szidonia, undergraduate, \"George Emil Palade\" University of Medicine, Pharmacy, Science and Technology of T\u00e2rgu-Mure\u0219, Romania<\/li>\t\t\t\t<li>TEGLA\u0218 Anamaria Cristiana, undergraduate, \u201dIuliu Hatieganu\u201d University of Medicine and Pharmacy, Cluj-Napoca, Romania<\/li>\t\t\t\t<li>TENIC\u0102 Arina, undergraduate, Transilvania University of Brasov, Romania<\/li>\t\t\t\t<li>TIMEA Nagy, undergraduate, \u201dIuliu Hatieganu\u201d University of Medicine and Pharmacy, Cluj-Napoca, Romania<\/li>\t\t\t\t<li>TODORUT Ioana Anca, undergraduate, Faculty of Medicine, Transilvania University of Bra\u0219ov, Romania<\/li>\t\t\t\t<li>TOPOLICEANU Irina Maria, undergraduate, \"Carol Davila\" University of Medicine and Pharmacy, Bucharest, Romania<\/li>\t\t\t\t<li>TRIFU Anamaria-Iosefina, undergraduate, Faculty of Medicine, Transilvania University of Bra\u0219ov, Romania<\/li>\t\t\t\t<li>TURC Andreea Denisa, undergraduate, \"George Emil Palade\" University of Medicine, Pharmacy, Science and Technology of T\u00e2rgu-Mure\u0219, Romania<\/li>\t\t\t\t<li>VARODI S\u00e2nziana Maria, master, Babes-Bolyai University Cluj<\/li>\t\t\t\t<li>V\u0102T\u0102\u0218OIU C\u0103t\u0103lina-Ioana, undergraduate, Faculty of Medicine, Transilvania University of Bra\u0219ov, Romania<\/li>\t\t\t\t<li>VELJANOVSKI Kristijan, undergraduate, Faculty of Biotechnical Sciences, \u201dSt. Kliment Ohridski\u201d University, Bitola, N. Macedonia<\/li>\t\t\t\t<li>VOICU Ioana-Andreea, undergraduate, Faculty of Medicine, Transilvania University of Bra\u0219ov, Romania<\/li>\t\t\t\t<li>VOICU Maria-Izabela, undergraduate, Faculty of Medicine, Transilvania University of Bra\u0219ov, Romania<\/li>\t\t\t\t<li>Y\u0131LD\u0131R\u0131M Ekin, undergraduate, Sakarya University, T\u00fcrkiye<\/li>\t\t\t\t<li>ZABRET Eva, undergraduate, Biotehnical Faculty, University of Ljubljana, Slovenia<\/li>\t\t<\/ol>\n\t\t\n","protected":false},"excerpt":{"rendered":"<p>Registered Participants<\/p>\n","protected":false},"author":1,"featured_media":0,"parent":0,"menu_order":3,"comment_status":"closed","ping_status":"closed","template":"","meta":{"footnotes":""},"class_list":["post-14","page","type-page","status-publish","hentry"],"acf":[],"_links":{"self":[{"href":"https:\/\/fshl.ro\/2023\/bucharest-session\/wp-json\/wp\/v2\/pages\/14","targetHints":{"allow":["GET"]}}],"collection":[{"href":"https:\/\/fshl.ro\/2023\/bucharest-session\/wp-json\/wp\/v2\/pages"}],"about":[{"href":"https:\/\/fshl.ro\/2023\/bucharest-session\/wp-json\/wp\/v2\/types\/page"}],"author":[{"embeddable":true,"href":"https:\/\/fshl.ro\/2023\/bucharest-session\/wp-json\/wp\/v2\/users\/1"}],"replies":[{"embeddable":true,"href":"https:\/\/fshl.ro\/2023\/bucharest-session\/wp-json\/wp\/v2\/comments?post=14"}],"version-history":[{"count":10,"href":"https:\/\/fshl.ro\/2023\/bucharest-session\/wp-json\/wp\/v2\/pages\/14\/revisions"}],"predecessor-version":[{"id":472,"href":"https:\/\/fshl.ro\/2023\/bucharest-session\/wp-json\/wp\/v2\/pages\/14\/revisions\/472"}],"wp:attachment":[{"href":"https:\/\/fshl.ro\/2023\/bucharest-session\/wp-json\/wp\/v2\/media?parent=14"}],"curies":[{"name":"wp","href":"https:\/\/api.w.org\/{rel}","templated":true}]}}